{"id":73,"date":"2017-02-25T03:34:23","date_gmt":"2017-02-25T03:34:23","guid":{"rendered":"http:\/\/legitptcsites.net\/sr\/?page_id=73"},"modified":"2023-01-11T16:36:50","modified_gmt":"2023-01-11T16:36:50","slug":"faq","status":"publish","type":"page","link":"http:\/\/legitptcsites.net\/sr\/faq\/","title":{"rendered":"FAQ"},"content":{"rendered":"<div class=\"page-custom-title\">FAQ (\u010cesto Postavljana Pitanja)<\/div>\n<p><\/br><\/p>\n<h3 style=\"text-align: center;\"><strong><span style=\"text-decoration: underline;\">OP\u0160TA PITANJA<\/span><\/strong><\/h3>\n<div class=\"exp-col-content-holder\">\n<a class=\"expand-cnt-link ecf_closed\" href=\"#\">\u0160ta je PTC ?<\/a><\/p>\n<div class=\"hidden-content\" style=\"display: none;\">\n<p class=\"hiddenContentp\">&#8222;PTC&#8220; je engleska skra\u0107enica koja se odnosi na <b>P<\/b>aid <b>T<\/b>o <b>C<\/b>lick (pla\u0107en po kliku). PTC sajt je program gde vi zara\u0111ujete tako \u0161to klikate (pregledavate) reklame. Su\u0161tinski, to je poslovni model deljenja profita gde ogla\u0161iva\u010di reklamiraju svoje stranice kako bi pove\u0107ali njihov pregled, a PTC korisnici zara\u0111uju tako \u0161to pregledavaju te iste reklame. Sajt je taj koji deli profit od ogla\u0161iva\u010da sa svojim korisnicima. <\/p>\n<hr class=\"style-one\">\n<\/div>\n<\/div>\n<p><\/br><br \/>\n<\/br><\/p>\n<!-- AddThis Advanced Settings generic via filter on the_content --><!-- AddThis Share Buttons generic via filter on the_content --><!-- AddThis Related Posts generic via filter on the_content -->","protected":false},"excerpt":{"rendered":"<p>FAQ (\u010cesto Postavljana Pitanja) OP\u0160TA PITANJA \u0160ta je PTC ? &#8222;PTC&#8220; je engleska skra\u0107enica koja se odnosi na Paid To Click (pla\u0107en po kliku). PTC sajt je program gde vi zara\u0111ujete tako \u0161to klikate (pregledavate) reklame. Su\u0161tinski, to je poslovni model deljenja profita gde ogla\u0161iva\u010di reklamiraju svoje stranice kako bi pove\u0107ali njihov pregled, a PTC [&hellip;]<!-- AddThis Advanced Settings generic via filter on wp_trim_excerpt --><!-- AddThis Share Buttons generic via filter on wp_trim_excerpt --><!-- AddThis Related Posts generic via filter on wp_trim_excerpt --><\/p>\n","protected":false},"author":1,"featured_media":0,"parent":0,"menu_order":5,"comment_status":"closed","ping_status":"closed","template":"","meta":{"footnotes":""},"languages":[],"class_list":["post-73","page","type-page","status-publish","hentry"],"yoast_head":"<!-- This site is optimized with the Yoast SEO plugin v26.8 - https:\/\/yoast.com\/product\/yoast-seo-wordpress\/ -->\n<title>FAQ - Legitimni PTC Sajtovi<\/title>\n<meta name=\"robots\" content=\"index, follow, max-snippet:-1, max-image-preview:large, max-video-preview:-1\" \/>\n<link rel=\"canonical\" href=\"http:\/\/legitptcsites.net\/sr\/faq\/\" \/>\n<meta property=\"og:locale\" content=\"sr_RS\" \/>\n<meta property=\"og:type\" content=\"article\" \/>\n<meta property=\"og:title\" content=\"FAQ - Legitimni PTC Sajtovi\" \/>\n<meta property=\"og:description\" content=\"FAQ (\u010cesto Postavljana Pitanja) OP\u0160TA PITANJA \u0160ta je PTC ? &#8222;PTC&#8220; je engleska skra\u0107enica koja se odnosi na Paid To Click (pla\u0107en po kliku). PTC sajt je program gde vi zara\u0111ujete tako \u0161to klikate (pregledavate) reklame. Su\u0161tinski, to je poslovni model deljenja profita gde ogla\u0161iva\u010di reklamiraju svoje stranice kako bi pove\u0107ali njihov pregled, a PTC [&hellip;]\" \/>\n<meta property=\"og:url\" content=\"http:\/\/legitptcsites.net\/sr\/faq\/\" \/>\n<meta property=\"og:site_name\" content=\"Legitimni PTC Sajtovi\" \/>\n<meta property=\"article:modified_time\" content=\"2023-01-11T16:36:50+00:00\" \/>\n<meta name=\"twitter:card\" content=\"summary_large_image\" \/>\n<script type=\"application\/ld+json\" class=\"yoast-schema-graph\">{\"@context\":\"https:\/\/schema.org\",\"@graph\":[{\"@type\":\"WebPage\",\"@id\":\"http:\/\/legitptcsites.net\/sr\/faq\/\",\"url\":\"http:\/\/legitptcsites.net\/sr\/faq\/\",\"name\":\"FAQ - Legitimni PTC Sajtovi\",\"isPartOf\":{\"@id\":\"http:\/\/legitptcsites.net\/sr\/#website\"},\"datePublished\":\"2017-02-25T03:34:23+00:00\",\"dateModified\":\"2023-01-11T16:36:50+00:00\",\"breadcrumb\":{\"@id\":\"http:\/\/legitptcsites.net\/sr\/faq\/#breadcrumb\"},\"inLanguage\":\"sr-RS\",\"potentialAction\":[{\"@type\":\"ReadAction\",\"target\":[\"http:\/\/legitptcsites.net\/sr\/faq\/\"]}]},{\"@type\":\"BreadcrumbList\",\"@id\":\"http:\/\/legitptcsites.net\/sr\/faq\/#breadcrumb\",\"itemListElement\":[{\"@type\":\"ListItem\",\"position\":1,\"name\":\"Home\",\"item\":\"http:\/\/legitptcsites.net\/sr\/\"},{\"@type\":\"ListItem\",\"position\":2,\"name\":\"FAQ\"}]},{\"@type\":\"WebSite\",\"@id\":\"http:\/\/legitptcsites.net\/sr\/#website\",\"url\":\"http:\/\/legitptcsites.net\/sr\/\",\"name\":\"Legitimni PTC Sajtovi\",\"description\":\"Najbolji Paid to Click i ostali nacini zarade na internetu\",\"potentialAction\":[{\"@type\":\"SearchAction\",\"target\":{\"@type\":\"EntryPoint\",\"urlTemplate\":\"http:\/\/legitptcsites.net\/sr\/?s={search_term_string}\"},\"query-input\":{\"@type\":\"PropertyValueSpecification\",\"valueRequired\":true,\"valueName\":\"search_term_string\"}}],\"inLanguage\":\"sr-RS\"}]}<\/script>\n<!-- \/ Yoast SEO plugin. -->","yoast_head_json":{"title":"FAQ - Legitimni PTC Sajtovi","robots":{"index":"index","follow":"follow","max-snippet":"max-snippet:-1","max-image-preview":"max-image-preview:large","max-video-preview":"max-video-preview:-1"},"canonical":"http:\/\/legitptcsites.net\/sr\/faq\/","og_locale":"sr_RS","og_type":"article","og_title":"FAQ - Legitimni PTC Sajtovi","og_description":"FAQ (\u010cesto Postavljana Pitanja) OP\u0160TA PITANJA \u0160ta je PTC ? &#8222;PTC&#8220; je engleska skra\u0107enica koja se odnosi na Paid To Click (pla\u0107en po kliku). PTC sajt je program gde vi zara\u0111ujete tako \u0161to klikate (pregledavate) reklame. Su\u0161tinski, to je poslovni model deljenja profita gde ogla\u0161iva\u010di reklamiraju svoje stranice kako bi pove\u0107ali njihov pregled, a PTC [&hellip;]","og_url":"http:\/\/legitptcsites.net\/sr\/faq\/","og_site_name":"Legitimni PTC Sajtovi","article_modified_time":"2023-01-11T16:36:50+00:00","twitter_card":"summary_large_image","schema":{"@context":"https:\/\/schema.org","@graph":[{"@type":"WebPage","@id":"http:\/\/legitptcsites.net\/sr\/faq\/","url":"http:\/\/legitptcsites.net\/sr\/faq\/","name":"FAQ - Legitimni PTC Sajtovi","isPartOf":{"@id":"http:\/\/legitptcsites.net\/sr\/#website"},"datePublished":"2017-02-25T03:34:23+00:00","dateModified":"2023-01-11T16:36:50+00:00","breadcrumb":{"@id":"http:\/\/legitptcsites.net\/sr\/faq\/#breadcrumb"},"inLanguage":"sr-RS","potentialAction":[{"@type":"ReadAction","target":["http:\/\/legitptcsites.net\/sr\/faq\/"]}]},{"@type":"BreadcrumbList","@id":"http:\/\/legitptcsites.net\/sr\/faq\/#breadcrumb","itemListElement":[{"@type":"ListItem","position":1,"name":"Home","item":"http:\/\/legitptcsites.net\/sr\/"},{"@type":"ListItem","position":2,"name":"FAQ"}]},{"@type":"WebSite","@id":"http:\/\/legitptcsites.net\/sr\/#website","url":"http:\/\/legitptcsites.net\/sr\/","name":"Legitimni PTC Sajtovi","description":"Najbolji Paid to Click i ostali nacini zarade na internetu","potentialAction":[{"@type":"SearchAction","target":{"@type":"EntryPoint","urlTemplate":"http:\/\/legitptcsites.net\/sr\/?s={search_term_string}"},"query-input":{"@type":"PropertyValueSpecification","valueRequired":true,"valueName":"search_term_string"}}],"inLanguage":"sr-RS"}]}},"_links":{"self":[{"href":"http:\/\/legitptcsites.net\/sr\/wp-json\/wp\/v2\/pages\/73","targetHints":{"allow":["GET"]}}],"collection":[{"href":"http:\/\/legitptcsites.net\/sr\/wp-json\/wp\/v2\/pages"}],"about":[{"href":"http:\/\/legitptcsites.net\/sr\/wp-json\/wp\/v2\/types\/page"}],"author":[{"embeddable":true,"href":"http:\/\/legitptcsites.net\/sr\/wp-json\/wp\/v2\/users\/1"}],"replies":[{"embeddable":true,"href":"http:\/\/legitptcsites.net\/sr\/wp-json\/wp\/v2\/comments?post=73"}],"version-history":[{"count":3,"href":"http:\/\/legitptcsites.net\/sr\/wp-json\/wp\/v2\/pages\/73\/revisions"}],"predecessor-version":[{"id":92,"href":"http:\/\/legitptcsites.net\/sr\/wp-json\/wp\/v2\/pages\/73\/revisions\/92"}],"wp:attachment":[{"href":"http:\/\/legitptcsites.net\/sr\/wp-json\/wp\/v2\/media?parent=73"}],"wp:term":[{"taxonomy":"language","embeddable":true,"href":"http:\/\/legitptcsites.net\/sr\/wp-json\/wp\/v2\/languages?post=73"}],"curies":[{"name":"wp","href":"https:\/\/api.w.org\/{rel}","templated":true}]}}