{"id":32,"date":"2015-11-18T10:39:25","date_gmt":"2015-11-18T10:39:25","guid":{"rendered":"http:\/\/legitptcsites.net\/sr\/?page_id=32"},"modified":"2025-01-02T03:03:13","modified_gmt":"2025-01-02T03:03:13","slug":"elitni-sajtovi","status":"publish","type":"page","link":"http:\/\/legitptcsites.net\/sr\/paid-to-click\/elitni-sajtovi\/","title":{"rendered":"ELITNI Sajtovi"},"content":{"rendered":"<div class=\"page-custom-title\">ELITNA PTC Lista<\/div>\n<p><img loading=\"lazy\" decoding=\"async\" class=\"position:relative\" src=\"\/img\/cont\/elite.png\" width=\"240\" height=\"240\" align=\"left\"><br \/>\nNa ovoj listi mogu se na\u0107i samo najbolji od najboljih PTC programa, prakti\u010dno one koji pripadaju samom vrhu sajtova koje koristim. Sajtovi sa ove liste su se pokazali kao provereni bazirano na najmanje 3 godine <u>mog iskustva<\/u> sa svakim. Imajte u vidu da &#8222;najbolji&#8220; ne podrazumeva veliku zaradu, na nekom od ovih sajtoa. To jedino podrazumeva da je sajt jo\u0161 uvek onlajn i pla\u0107a uredno najmanje 3 godine. Kao \u0161to ve\u0107ina vas zna ve\u0107ina PTC sajtova ne izdr\u017ei toliko dugo. Ako je jedan sajt onlajn i pla\u0107a redovno ve\u0107 3 godine, onda je o\u010digledno da radi pravu stvar, bez obzira da li se vi slagali ili ne sa visinom zarade na istom.<br \/>\nEveryone has different needs and ideas on what a site should be.<br \/>\nWe are not going to base Elite status on earning ratios or rental averages. We feel if a site has been online and paying with no recent issues, it is an Elite Site. It is up to you to decide if the site fits your needs. We are not going to make that judgment for you.<br \/>\n&nbsp;<br \/>\nUslovi jednog PTC sajta da se na\u0111e na na\u0161oj Elitnoj PTC listi su slede\u0107i:<\/p>\n<ul><img decoding=\"async\" src=\"\/img\/cont\/check_sign3.png\" alt=\"Check sign\"> &nbsp;&nbsp;PTC sajt posluje najmanje <b>5 godina<\/b><br \/>\n<img decoding=\"async\" src=\"\/img\/cont\/check_sign3.png\" alt=\"Check sign\"> &nbsp;&nbsp;Pla\u0107a na vreme u skladu sa svojim&nbsp;<abbr title=\"Uslovi Kori\u0161\u0107enja\">TOS-om<\/abbr><br \/>\n<img decoding=\"async\" src=\"\/img\/cont\/check_sign3.png\" alt=\"Check sign\"> &nbsp;&nbsp;Ispla\u0107eni smo barem <u>10 puta<\/u><br \/>\n<img decoding=\"async\" src=\"\/img\/cont\/check_sign3.png\" alt=\"Check sign\"> &nbsp;&nbsp;Stabilan poslovni plan, bez ve\u0107ih promena<br \/>\n<img decoding=\"async\" src=\"\/img\/cont\/check_sign3.png\" alt=\"Check sign\"> &nbsp;&nbsp;Pouzdana korisni\u010dka podr\u0161ka<br \/>\n<img decoding=\"async\" src=\"\/img\/cont\/check_sign3.png\" alt=\"Check sign\"> &nbsp;&nbsp;Ve\u0107a broj\/baza korisnika (100 000+)<br \/>\n<img decoding=\"async\" src=\"\/img\/cont\/check_sign3.png\" alt=\"Check sign\"> &nbsp;&nbsp;Solidan potencijal za zaradu<\/ul>\n<p>Na\u0161a Eitna lista PTC sajtova ne\u0107e biti velika, jer \u0107e samo dobri i provereni (ostvareni) &#8222;Paid to Click&#8220; programi biti na njoj. Privilegiju da budu na listi \u0107e imati svi sajtovi koji ispunjavaju gore-navedene uslove.<br \/>\n&nbsp;<\/p>\n<div style=\"overflow-x:auto; background:#ffffcc;border-top:4px solid #f1a942;border-left:4px solid #f1a942;border-right:4px solid #f1a942;border-bottom:4px solid #f1a942;border-radius:7px;padding:1px 1px 1px 1px;\">\n<table class=\"elite-ptc\" cellspacing=\"0\" cellpadding=\"0\" border=\"0\">\n<thead>\n<tr>\n<th style=\"line-height:13px;\" width=\"60\"><a name=\"elite\"><\/a>Site<\/th>\n<th style=\"line-height:13px;\" width=\"60\">Radi<\/th>\n<th style=\"line-height:13px;\" width=\"40\">Min. Isplata<\/th>\n<th style=\"line-height:13px;\" width=\"60\">Metode Pla\u0107anja<\/th>\n<th style=\"line-height:13px;\" width=\"40\">Pla\u0107en<\/th>\n<th style=\"line-height:13px;\" width=\"60\">Vi\u0161e o<\/th>\n<\/tr>\n<\/thead>\n<tbody>\n<tr>\n<td style=\"ptc-list-table\"><center><a href=\"http:\/\/csl.ink\/1633\" rel=\"nofollow\">Clixsense.com<\/a><\/center><a target=\"_blank\" href=\"#\" rel=\"noopener noreferrer\"><img decoding=\"async\" class=\"img-border-table\" title=\"Site ClixSense\" src=\"\/img\/cont\/clixsense_table.png\"><\/a><\/td>\n<td>\n<p class=\"ptc-list-table\"><script src=\"\/wp-admin\/js\/datecounter-cs_rs.js\" type=\"text\/javascript\"><\/script><\/p>\n<\/td>\n<td>\n<p class=\"ptc-list-mincash\">$8.00<\/p>\n<p>(Cheque: <b><font color=\"#009900\">$10<\/font><\/b>)<\/td>\n<td>\n<div class=\"ptc-list-table\"><a title=\"Skrill\" target=\"blank\" href=\"\/payment-processors\/moneybookers-skrill\/\" rel=\"noopener noreferrer\"><img loading=\"lazy\" decoding=\"async\" src=\"\/img\/cont\/skrill.png\" width=\"37\" height=\"15\"><img decoding=\"async\" class=\"img-proc-icon-b\" src=\"\/img\/cont\/paytoo.png\"><\/a><a title=\"Paytoo\" target=\"blank\" href=\"\/payment-processors\/paytoo\/\" rel=\"noopener noreferrer\"><img decoding=\"async\" class=\"img-proc-icon-b\" src=\"\/img\/cont\/neteller.png\"><\/a><a onmouseout=\"UnTip()\" onmouseover=\"Tip('\u010cekovi se \u0161alju mese\u010dno ili pre 10. u mesecu', BORDERCOLOR, '#77933c', BORDERWIDTH, 2, BGCOLOR, '#ffc', WIDTH, -200, FONTFACE, 'Arial,Tahoma', FONTSIZE, '13px', TITLE, 'Check', TITLEPADDING, 6)\" style=\"cursor:help;\"><img decoding=\"async\" src=\"\/img\/cont\/cheque.png\"><\/a><\/div>\n<\/td>\n<td><a href=\"\/payment-proofs\/clixsense\/\" target=\"_blank\" rel=\"noopener noreferrer\">82 puta<\/a><\/td>\n<td><a class=\"read-more\" href=\"\/paid-to-click\/elite-sites\/clixsense\/\" target=\"_blank\" rel=\"noopener noreferrer\">Recenzija<\/a><\/td>\n<\/tr>\n<tr>\n<td style=\"ptc-list-table\"><center><a href=\"http:\/\/www.neobux.com\/?rh=446A576F6F6C6679\" rel=\"nofollow\">Neobux.com<\/a><\/center><a target=\"_blank\" href=\"#\" rel=\"noopener noreferrer\"><img decoding=\"async\" class=\"img-border-table\" title=\"Site NeoBux\" src=\"\/img\/cont\/neobux_table.png\"><\/a><\/td>\n<td>\n<p class=\"ptc-list-table\"><script src=\"\/wp-admin\/js\/datecounter-nb.js\" type=\"text\/javascript\"><\/script><\/p>\n<\/td>\n<td>\n<p class=\"ptc-list-mincash\">$2.00<\/p>\n<\/td>\n<td>\n<div class=\"ptc-list-table\"><a title=\"Skrill\" target=\"blank\" href=\"\/payment-processors\/moneybookers-skrill\/\" rel=\"noopener noreferrer\"><img loading=\"lazy\" decoding=\"async\" src=\"\/img\/cont\/skrill.png\" width=\"37\" height=\"15\"><\/a><a title=\"Neteller\" target=\"blank\" href=\"\/payment-processors\/neteller\/\" rel=\"noopener noreferrer\"><img decoding=\"async\" class=\"img-proc-icon-b\" src=\"\/img\/cont\/neteller.png\"><\/a><\/div>\n<\/td>\n<td><a href=\"\/payment-proofs\/neobux\/\" target=\"_blank\" rel=\"noopener noreferrer\">42 puta<\/a><\/td>\n<td><a class=\"read-more\" href=\"\/paid-to-click\/elite-sites\/neobux\/\" target=\"_blank\" rel=\"noopener noreferrer\">Recenzija<\/a><\/td>\n<\/tr>\n<\/tbody>\n<\/table>\n<\/div>\n<p>&nbsp;<\/p>\n<p align=\"justify\">On the other hand, any website that does not meet <u>any<\/u> of the requirements will be downgraded\/ removed from the Elite PTC list.<\/p>\n<p>Some of the most common reasons for a website to be removed from this list or not being able to appear are:<\/p>\n<ul><img decoding=\"async\" src=\"\/img\/cont\/wrong_minus.png\" alt=\"Check sign\"> &nbsp;&nbsp;Delays or restriction (selective) payments to its members.<br \/>\n<img decoding=\"async\" src=\"\/img\/cont\/wrong_minus.png\" alt=\"Check sign\"> &nbsp;&nbsp;Unstable business plan with unannounced changes<br \/>\n<img decoding=\"async\" src=\"\/img\/cont\/wrong_minus.png\" alt=\"Check sign\"> &nbsp;&nbsp;Closing member accounts without valid reasons<br \/>\n<img decoding=\"async\" src=\"\/img\/cont\/wrong_minus.png\" alt=\"Check sign\"> &nbsp;&nbsp;Reset members&#8217; balances \/ deleting of referrals<br \/>\n<img decoding=\"async\" src=\"\/img\/cont\/wrong_minus.png\" alt=\"Check sign\"> &nbsp;&nbsp;Removing of forum or weakly customer support<br \/>\n<img decoding=\"async\" src=\"\/img\/cont\/wrong_minus.png\" alt=\"Check sign\"> &nbsp;&nbsp;Low ads count \/ weak earning potential<br \/>\n<img decoding=\"async\" src=\"\/img\/cont\/wrong_minus.png\" alt=\"Check sign\"> &nbsp;&nbsp;Owner of a website is connected to previously suspicious activity with another website<br \/>\n<img decoding=\"async\" src=\"\/img\/cont\/wrong_minus.png\" alt=\"Check sign\"> &nbsp;&nbsp;Changes in ownership without clear notice<\/ul>\n<p>&nbsp;<br \/>\n<img decoding=\"async\" src=\"\/img\/cont\/information-note.png\" alt=\"Note\">&nbsp;Ne klasifikujemo sajtove bazirano na <abbr title=\"Povra\u0107aj investicije\">ROI<\/abbr>, broju metoda pla\u0107anja i \u010dekanja isplate, cene i\/ili zarade ostvarene preko direktnih ili iznajmljinih referala kao i ukupne potencijalne zarade na jednom sajtu generalno. Na\u0161a lista sadr\u017ei i ukazuje na trenutno proverene izvore &#8222;Paid to Click&#8220; zarade.<\/p>\n<p><script type=\"text\/javascript\" src=\"\/wp-admin\/js\/wz_tooltip.js\"><\/script><\/p>\n<!-- AddThis Advanced Settings generic via filter on the_content --><!-- AddThis Share Buttons generic via filter on the_content --><!-- AddThis Related Posts generic via filter on the_content -->","protected":false},"excerpt":{"rendered":"<p>ELITNA PTC Lista Na ovoj listi mogu se na\u0107i samo najbolji od najboljih PTC programa, prakti\u010dno one koji pripadaju samom vrhu sajtova koje koristim. Sajtovi sa ove liste su se pokazali kao provereni bazirano na najmanje 3 godine mog iskustva sa svakim. Imajte u vidu da &#8222;najbolji&#8220; ne podrazumeva veliku zaradu, na nekom od ovih [&hellip;]<!-- AddThis Advanced Settings generic via filter on wp_trim_excerpt --><!-- AddThis Share Buttons generic via filter on wp_trim_excerpt --><!-- AddThis Related Posts generic via filter on wp_trim_excerpt --><\/p>\n","protected":false},"author":1,"featured_media":0,"parent":11,"menu_order":0,"comment_status":"closed","ping_status":"closed","template":"","meta":{"footnotes":""},"languages":[],"class_list":["post-32","page","type-page","status-publish","hentry"],"yoast_head":"<!-- This site is optimized with the Yoast SEO plugin v26.8 - https:\/\/yoast.com\/product\/yoast-seo-wordpress\/ -->\n<title>Legitimni PTC | ELITNA Lista Sajtova<\/title>\n<meta name=\"description\" content=\"Na ovoj listi mogu se na\u0107i samo najbolji od najboljih PTC programa, prakti\u010dno one koji pripadaju samom vrhu sajtova koje koristim.\" \/>\n<meta name=\"robots\" content=\"index, follow, max-snippet:-1, max-image-preview:large, max-video-preview:-1\" \/>\n<link rel=\"canonical\" href=\"https:\/\/legitptcsites.net\/sr\/paid-to-click\/elitni-sajtovi\/\" \/>\n<meta property=\"og:locale\" content=\"sr_RS\" \/>\n<meta property=\"og:type\" content=\"article\" \/>\n<meta property=\"og:title\" content=\"Legitimni PTC | ELITNA Lista Sajtova\" \/>\n<meta property=\"og:description\" content=\"Na ovoj listi mogu se na\u0107i samo najbolji od najboljih PTC programa, prakti\u010dno one koji pripadaju samom vrhu sajtova koje koristim.\" \/>\n<meta property=\"og:url\" content=\"https:\/\/legitptcsites.net\/sr\/paid-to-click\/elitni-sajtovi\/\" \/>\n<meta property=\"og:site_name\" content=\"Legitimni PTC Sajtovi\" \/>\n<meta property=\"article:modified_time\" content=\"2025-01-02T03:03:13+00:00\" \/>\n<meta name=\"twitter:card\" content=\"summary_large_image\" \/>\n<meta name=\"twitter:label1\" content=\"\u041f\u0440\u043e\u0446\u0435\u045a\u0435\u043d\u043e \u0432\u0440\u0435\u043c\u0435 \u0447\u0438\u0442\u0430\u045a\u0430\" \/>\n\t<meta name=\"twitter:data1\" content=\"2 minutes\" \/>\n<script type=\"application\/ld+json\" class=\"yoast-schema-graph\">{\"@context\":\"https:\/\/schema.org\",\"@graph\":[{\"@type\":\"WebPage\",\"@id\":\"https:\/\/legitptcsites.net\/sr\/paid-to-click\/elitni-sajtovi\/\",\"url\":\"https:\/\/legitptcsites.net\/sr\/paid-to-click\/elitni-sajtovi\/\",\"name\":\"Legitimni PTC | ELITNA Lista Sajtova\",\"isPartOf\":{\"@id\":\"http:\/\/legitptcsites.net\/sr\/#website\"},\"datePublished\":\"2015-11-18T10:39:25+00:00\",\"dateModified\":\"2025-01-02T03:03:13+00:00\",\"description\":\"Na ovoj listi mogu se na\u0107i samo najbolji od najboljih PTC programa, prakti\u010dno one koji pripadaju samom vrhu sajtova koje koristim.\",\"breadcrumb\":{\"@id\":\"https:\/\/legitptcsites.net\/sr\/paid-to-click\/elitni-sajtovi\/#breadcrumb\"},\"inLanguage\":\"sr-RS\",\"potentialAction\":[{\"@type\":\"ReadAction\",\"target\":[\"https:\/\/legitptcsites.net\/sr\/paid-to-click\/elitni-sajtovi\/\"]}]},{\"@type\":\"BreadcrumbList\",\"@id\":\"https:\/\/legitptcsites.net\/sr\/paid-to-click\/elitni-sajtovi\/#breadcrumb\",\"itemListElement\":[{\"@type\":\"ListItem\",\"position\":1,\"name\":\"Home\",\"item\":\"http:\/\/legitptcsites.net\/sr\/\"},{\"@type\":\"ListItem\",\"position\":2,\"name\":\"PTC\",\"item\":\"http:\/\/legitptcsites.net\/sr\/\"},{\"@type\":\"ListItem\",\"position\":3,\"name\":\"ELITNI Sajtovi\"}]},{\"@type\":\"WebSite\",\"@id\":\"http:\/\/legitptcsites.net\/sr\/#website\",\"url\":\"http:\/\/legitptcsites.net\/sr\/\",\"name\":\"Legitimni PTC Sajtovi\",\"description\":\"Najbolji Paid to Click i ostali nacini zarade na internetu\",\"potentialAction\":[{\"@type\":\"SearchAction\",\"target\":{\"@type\":\"EntryPoint\",\"urlTemplate\":\"http:\/\/legitptcsites.net\/sr\/?s={search_term_string}\"},\"query-input\":{\"@type\":\"PropertyValueSpecification\",\"valueRequired\":true,\"valueName\":\"search_term_string\"}}],\"inLanguage\":\"sr-RS\"}]}<\/script>\n<!-- \/ Yoast SEO plugin. -->","yoast_head_json":{"title":"Legitimni PTC | ELITNA Lista Sajtova","description":"Na ovoj listi mogu se na\u0107i samo najbolji od najboljih PTC programa, prakti\u010dno one koji pripadaju samom vrhu sajtova koje koristim.","robots":{"index":"index","follow":"follow","max-snippet":"max-snippet:-1","max-image-preview":"max-image-preview:large","max-video-preview":"max-video-preview:-1"},"canonical":"https:\/\/legitptcsites.net\/sr\/paid-to-click\/elitni-sajtovi\/","og_locale":"sr_RS","og_type":"article","og_title":"Legitimni PTC | ELITNA Lista Sajtova","og_description":"Na ovoj listi mogu se na\u0107i samo najbolji od najboljih PTC programa, prakti\u010dno one koji pripadaju samom vrhu sajtova koje koristim.","og_url":"https:\/\/legitptcsites.net\/sr\/paid-to-click\/elitni-sajtovi\/","og_site_name":"Legitimni PTC Sajtovi","article_modified_time":"2025-01-02T03:03:13+00:00","twitter_card":"summary_large_image","twitter_misc":{"\u041f\u0440\u043e\u0446\u0435\u045a\u0435\u043d\u043e \u0432\u0440\u0435\u043c\u0435 \u0447\u0438\u0442\u0430\u045a\u0430":"2 minutes"},"schema":{"@context":"https:\/\/schema.org","@graph":[{"@type":"WebPage","@id":"https:\/\/legitptcsites.net\/sr\/paid-to-click\/elitni-sajtovi\/","url":"https:\/\/legitptcsites.net\/sr\/paid-to-click\/elitni-sajtovi\/","name":"Legitimni PTC | ELITNA Lista Sajtova","isPartOf":{"@id":"http:\/\/legitptcsites.net\/sr\/#website"},"datePublished":"2015-11-18T10:39:25+00:00","dateModified":"2025-01-02T03:03:13+00:00","description":"Na ovoj listi mogu se na\u0107i samo najbolji od najboljih PTC programa, prakti\u010dno one koji pripadaju samom vrhu sajtova koje koristim.","breadcrumb":{"@id":"https:\/\/legitptcsites.net\/sr\/paid-to-click\/elitni-sajtovi\/#breadcrumb"},"inLanguage":"sr-RS","potentialAction":[{"@type":"ReadAction","target":["https:\/\/legitptcsites.net\/sr\/paid-to-click\/elitni-sajtovi\/"]}]},{"@type":"BreadcrumbList","@id":"https:\/\/legitptcsites.net\/sr\/paid-to-click\/elitni-sajtovi\/#breadcrumb","itemListElement":[{"@type":"ListItem","position":1,"name":"Home","item":"http:\/\/legitptcsites.net\/sr\/"},{"@type":"ListItem","position":2,"name":"PTC","item":"http:\/\/legitptcsites.net\/sr\/"},{"@type":"ListItem","position":3,"name":"ELITNI Sajtovi"}]},{"@type":"WebSite","@id":"http:\/\/legitptcsites.net\/sr\/#website","url":"http:\/\/legitptcsites.net\/sr\/","name":"Legitimni PTC Sajtovi","description":"Najbolji Paid to Click i ostali nacini zarade na internetu","potentialAction":[{"@type":"SearchAction","target":{"@type":"EntryPoint","urlTemplate":"http:\/\/legitptcsites.net\/sr\/?s={search_term_string}"},"query-input":{"@type":"PropertyValueSpecification","valueRequired":true,"valueName":"search_term_string"}}],"inLanguage":"sr-RS"}]}},"_links":{"self":[{"href":"http:\/\/legitptcsites.net\/sr\/wp-json\/wp\/v2\/pages\/32","targetHints":{"allow":["GET"]}}],"collection":[{"href":"http:\/\/legitptcsites.net\/sr\/wp-json\/wp\/v2\/pages"}],"about":[{"href":"http:\/\/legitptcsites.net\/sr\/wp-json\/wp\/v2\/types\/page"}],"author":[{"embeddable":true,"href":"http:\/\/legitptcsites.net\/sr\/wp-json\/wp\/v2\/users\/1"}],"replies":[{"embeddable":true,"href":"http:\/\/legitptcsites.net\/sr\/wp-json\/wp\/v2\/comments?post=32"}],"version-history":[{"count":30,"href":"http:\/\/legitptcsites.net\/sr\/wp-json\/wp\/v2\/pages\/32\/revisions"}],"predecessor-version":[{"id":154,"href":"http:\/\/legitptcsites.net\/sr\/wp-json\/wp\/v2\/pages\/32\/revisions\/154"}],"up":[{"embeddable":true,"href":"http:\/\/legitptcsites.net\/sr\/wp-json\/wp\/v2\/pages\/11"}],"wp:attachment":[{"href":"http:\/\/legitptcsites.net\/sr\/wp-json\/wp\/v2\/media?parent=32"}],"wp:term":[{"taxonomy":"language","embeddable":true,"href":"http:\/\/legitptcsites.net\/sr\/wp-json\/wp\/v2\/languages?post=32"}],"curies":[{"name":"wp","href":"https:\/\/api.w.org\/{rel}","templated":true}]}}