{"id":21,"date":"2015-11-12T11:50:33","date_gmt":"2015-11-12T11:50:33","guid":{"rendered":"http:\/\/legitptcsites.net\/sr\/?page_id=21"},"modified":"2022-12-09T23:39:55","modified_gmt":"2022-12-09T23:39:55","slug":"payza-bivsi-alertpay","status":"publish","type":"page","link":"http:\/\/legitptcsites.net\/sr\/platni-procesori\/payza-bivsi-alertpay\/","title":{"rendered":"Payza (AlertPay)"},"content":{"rendered":"<div class=\"page-custom-title\">Payza (biv\u0161i AlertPay)<\/div>\n<p><center>(<a title=\"Official Website\" href=\"https:\/\/secure.payza.com\/?r2aXwaiQ2J7xJPOeUa2bGg%3d%3d\" rel=\"nofollow\">Payza.com<\/a>)<\/center><\/p>\n<p><a href=\"https:\/\/secure.payza.com\/?r2aXwaiQ2J7xJPOeUa2bGg%3d%3d\" rel=\"nofollow\"><img decoding=\"async\" class=\"alignleft\" src=\"http:\/\/www.legitptcsites.net\/img\/cont\/former_alertpay_payza_payment_processor.png\" alt=\"\" \/><\/a>Payza je jedan od sigurno najpoznatijih internet banaka na ovim prostorima zbog \u010dinjenice da je od svog po\u010detka podr\u017eavao sve zemlje u okru\u017eenju, nasuprot <a href=\"\/payment-processors\/payza-former-alertpay\/\">Paypal<\/a>-u. Dana\u0161nja kompanija je osnovana 2004.-e godine u Montrealu, Kanada prvobitno pod nazivom &#8222;AlertPay&#8220;. Maja 14. 2012.-e godine AlertPay je prodat <a title=\"MH Pillars Ltd.\" href=\"http:\/\/www.mhpillars.com\/\" target=\"_blank\" rel=\"nofollow noopener noreferrer\">MH Pillars Ltd<\/a> i ime je promenjeno u &#8222;Payza&#8220;. Danas, Payza-ine servise u 21-oj valuti koristi vi\u0161e od 9 miliona korisnika iz 190+ zemalja<\/p>\n<div class=\"rewplup\">\n<p class=\"reviewp\"><strong>Review Published:<\/strong> 03\/10\/2015<\/p>\n<p class=\"lastupdate\"><strong>Last Updated:<\/strong><\/p>\n<\/div>\n<p>&nbsp;<\/p>\n<ul>\n<li><strong>Owner\/Alias<\/strong> : MH Pillars Ltd. of London, United Kingdom<\/li>\n<li><strong>Current Who Is<\/strong> : <a href=\"http:\/\/whois.domaintools.com\/payza.com\" target=\"_blank\" rel=\"nofollow noopener noreferrer\">http:\/\/whois.domaintools.com\/payza.com<\/a><\/li>\n<li><strong>Contact Links<\/strong> : <a href=\"https:\/\/www.payza.com\/support\" target=\"_blank\" rel=\"nofollow noopener noreferrer\"><img decoding=\"async\" src=\"\/img\/cont\/contact_email.png\" alt=\"email_contact\" \/><\/a>\u00a0<a href=\"https:\/\/www.payza.com\/support\" target=\"_blank\" rel=\"nofollow noopener noreferrer\"><img decoding=\"async\" src=\"\/img\/cont\/support.png\" alt=\"support_contact\" \/><\/a>\u00a0<a href=\"https:\/\/twitter.com\/payzaofficial\" target=\"_blank\" rel=\"nofollow noopener noreferrer\"><img decoding=\"async\" src=\"\/img\/cont\/tw.png\" alt=\"twitter_contact\" \/><\/a>\u00a0<a href=\"https:\/\/www.facebook.com\/payzaglobal\" target=\"_blank\" rel=\"nofollow noopener noreferrer\"><img decoding=\"async\" src=\"\/img\/cont\/fb.png\" alt=\"facebook_contact\" \/><\/a>\u00a0<a href=\"https:\/\/www.linkedin.com\/company\/payza\" target=\"_blank\" rel=\"nofollow noopener noreferrer\"><img decoding=\"async\" src=\"\/img\/cont\/in.png\" alt=\"linkedin_contact\" \/><\/a><\/li>\n<\/ul>\n<p><script type=\"text\/javascript\">\nfunction toggleMe(a){\nvar e=document.getElementById(a);\nif(!e)return true;\nif(e.style.display==\"none\"){\ne.style.display=\"block\"\n}\nelse{\ne.style.display=\"none\"\n}\nreturn true;\n}\n<\/script> <input title=\"Creating account\" type=\"button\" value=\"How To Create Account?\" \/><\/p>\n<div id=\"para1\" style=\"display: none;\">1. Go to <a title=\"www.payza.com\" href=\"https:\/\/secure.payza.com\/?r2aXwaiQ2J7xJPOeUa2bGg%3d%3d\" target=\"_blank\" rel=\"nofollow noopener noreferrer\">Payza.com<\/a> 2. Click on &#8222;Sign Up Now&#8220; to create a free account 3. IMG Select your country and choose Payza account type according to your needs. We suggest you &#8222;Starter&#8220; account, to become more familiar with their policy and fees first. Hereafter you can decide to upgrade your Payza account level to &#8222;<a title=\"Personal\" href=\"https:\/\/www.payza.com\/personal\" target=\"_blank\" rel=\"nofollow noopener noreferrer\">Personal<\/a>&#8220; or &#8222;<a title=\"Bussines\" href=\"https:\/\/www.payza.com\/business\" target=\"_blank\" rel=\"nofollow noopener noreferrer\">Business<\/a>&#8220; 4. IMG Fill in all columns with your <span style=\"color: #c00000;\">real informations<\/span> BOX and head up to the &#8222;Next Step&#8220; \u00a0 IMG 5. Once you finished with login and recovery options check the box which says &#8222;You agree that you have read and agreed to Payza&#8217;s User Agreement&#8220; and click on &#8222;Final Step&#8220; 6. Go to your email and click on confirmation link to verify your newly created Payza account (<img loading=\"lazy\" decoding=\"async\" src=\"http:\/\/www.legitptcsites.net\/img\/cont\/payza_former_alertpay_email_verification.png\" width=\"30\" height=\"30\" \/>) \u00a0 7. After verification you will be redirected to important security measures page which needs to be filled in order to maximize protection of your account (custom avatar, minimum 3 security questions, Transaction PIN&#8230;) \u00a0IMG 8. Happy using of your Payza account!<\/div>\n<p><input type=\"button\" value=\"Deposit And Withdrawal Options\" \/><\/p>\n<div id=\"para2\" style=\"display: none;\">2<\/div>\n<p><input type=\"button\" value=\"Affiliate Program\" \/><\/p>\n<div id=\"para3\" style=\"display: none;\">3<\/div>\n<!-- AddThis Advanced Settings generic via filter on the_content --><!-- AddThis Share Buttons generic via filter on the_content --><!-- AddThis Related Posts generic via filter on the_content -->","protected":false},"excerpt":{"rendered":"<p>Payza (biv\u0161i AlertPay) (Payza.com) Payza je jedan od sigurno najpoznatijih internet banaka na ovim prostorima zbog \u010dinjenice da je od svog po\u010detka podr\u017eavao sve zemlje u okru\u017eenju, nasuprot Paypal-u. Dana\u0161nja kompanija je osnovana 2004.-e godine u Montrealu, Kanada prvobitno pod nazivom &#8222;AlertPay&#8220;. Maja 14. 2012.-e godine AlertPay je prodat MH Pillars Ltd i ime je [&hellip;]<!-- AddThis Advanced Settings generic via filter on wp_trim_excerpt --><!-- AddThis Share Buttons generic via filter on wp_trim_excerpt --><!-- AddThis Related Posts generic via filter on wp_trim_excerpt --><\/p>\n","protected":false},"author":1,"featured_media":0,"parent":71,"menu_order":0,"comment_status":"closed","ping_status":"closed","template":"","meta":{"footnotes":""},"languages":[],"class_list":["post-21","page","type-page","status-publish","hentry"],"yoast_head":"<!-- This site is optimized with the Yoast SEO plugin v26.8 - https:\/\/yoast.com\/product\/yoast-seo-wordpress\/ -->\n<title>Payza (AlertPay) - Legitimni PTC Sajtovi<\/title>\n<meta name=\"robots\" content=\"index, follow, max-snippet:-1, max-image-preview:large, max-video-preview:-1\" \/>\n<link rel=\"canonical\" href=\"http:\/\/legitptcsites.net\/sr\/platni-procesori\/payza-bivsi-alertpay\/\" \/>\n<meta property=\"og:locale\" content=\"sr_RS\" \/>\n<meta property=\"og:type\" content=\"article\" \/>\n<meta property=\"og:title\" content=\"Payza (AlertPay) - Legitimni PTC Sajtovi\" \/>\n<meta property=\"og:description\" content=\"Payza (biv\u0161i AlertPay) (Payza.com) Payza je jedan od sigurno najpoznatijih internet banaka na ovim prostorima zbog \u010dinjenice da je od svog po\u010detka podr\u017eavao sve zemlje u okru\u017eenju, nasuprot Paypal-u. Dana\u0161nja kompanija je osnovana 2004.-e godine u Montrealu, Kanada prvobitno pod nazivom &#8222;AlertPay&#8220;. Maja 14. 2012.-e godine AlertPay je prodat MH Pillars Ltd i ime je [&hellip;]\" \/>\n<meta property=\"og:url\" content=\"http:\/\/legitptcsites.net\/sr\/platni-procesori\/payza-bivsi-alertpay\/\" \/>\n<meta property=\"og:site_name\" content=\"Legitimni PTC Sajtovi\" \/>\n<meta property=\"article:modified_time\" content=\"2022-12-09T23:39:55+00:00\" \/>\n<meta property=\"og:image\" content=\"http:\/\/www.legitptcsites.net\/img\/cont\/former_alertpay_payza_payment_processor.png\" \/>\n<meta name=\"twitter:card\" content=\"summary_large_image\" \/>\n<meta name=\"twitter:label1\" content=\"\u041f\u0440\u043e\u0446\u0435\u045a\u0435\u043d\u043e \u0432\u0440\u0435\u043c\u0435 \u0447\u0438\u0442\u0430\u045a\u0430\" \/>\n\t<meta name=\"twitter:data1\" content=\"1 minute\" \/>\n<script type=\"application\/ld+json\" class=\"yoast-schema-graph\">{\"@context\":\"https:\/\/schema.org\",\"@graph\":[{\"@type\":\"WebPage\",\"@id\":\"http:\/\/legitptcsites.net\/sr\/platni-procesori\/payza-bivsi-alertpay\/\",\"url\":\"http:\/\/legitptcsites.net\/sr\/platni-procesori\/payza-bivsi-alertpay\/\",\"name\":\"Payza (AlertPay) - Legitimni PTC Sajtovi\",\"isPartOf\":{\"@id\":\"http:\/\/legitptcsites.net\/sr\/#website\"},\"primaryImageOfPage\":{\"@id\":\"http:\/\/legitptcsites.net\/sr\/platni-procesori\/payza-bivsi-alertpay\/#primaryimage\"},\"image\":{\"@id\":\"http:\/\/legitptcsites.net\/sr\/platni-procesori\/payza-bivsi-alertpay\/#primaryimage\"},\"thumbnailUrl\":\"http:\/\/www.legitptcsites.net\/img\/cont\/former_alertpay_payza_payment_processor.png\",\"datePublished\":\"2015-11-12T11:50:33+00:00\",\"dateModified\":\"2022-12-09T23:39:55+00:00\",\"breadcrumb\":{\"@id\":\"http:\/\/legitptcsites.net\/sr\/platni-procesori\/payza-bivsi-alertpay\/#breadcrumb\"},\"inLanguage\":\"sr-RS\",\"potentialAction\":[{\"@type\":\"ReadAction\",\"target\":[\"http:\/\/legitptcsites.net\/sr\/platni-procesori\/payza-bivsi-alertpay\/\"]}]},{\"@type\":\"ImageObject\",\"inLanguage\":\"sr-RS\",\"@id\":\"http:\/\/legitptcsites.net\/sr\/platni-procesori\/payza-bivsi-alertpay\/#primaryimage\",\"url\":\"http:\/\/www.legitptcsites.net\/img\/cont\/former_alertpay_payza_payment_processor.png\",\"contentUrl\":\"http:\/\/www.legitptcsites.net\/img\/cont\/former_alertpay_payza_payment_processor.png\"},{\"@type\":\"BreadcrumbList\",\"@id\":\"http:\/\/legitptcsites.net\/sr\/platni-procesori\/payza-bivsi-alertpay\/#breadcrumb\",\"itemListElement\":[{\"@type\":\"ListItem\",\"position\":1,\"name\":\"Home\",\"item\":\"http:\/\/legitptcsites.net\/sr\/\"},{\"@type\":\"ListItem\",\"position\":2,\"name\":\"P. Procesori\",\"item\":\"http:\/\/legitptcsites.net\/sr\/platni-procesori\/\"},{\"@type\":\"ListItem\",\"position\":3,\"name\":\"Payza (AlertPay)\"}]},{\"@type\":\"WebSite\",\"@id\":\"http:\/\/legitptcsites.net\/sr\/#website\",\"url\":\"http:\/\/legitptcsites.net\/sr\/\",\"name\":\"Legitimni PTC Sajtovi\",\"description\":\"Najbolji Paid to Click i ostali nacini zarade na internetu\",\"potentialAction\":[{\"@type\":\"SearchAction\",\"target\":{\"@type\":\"EntryPoint\",\"urlTemplate\":\"http:\/\/legitptcsites.net\/sr\/?s={search_term_string}\"},\"query-input\":{\"@type\":\"PropertyValueSpecification\",\"valueRequired\":true,\"valueName\":\"search_term_string\"}}],\"inLanguage\":\"sr-RS\"}]}<\/script>\n<!-- \/ Yoast SEO plugin. -->","yoast_head_json":{"title":"Payza (AlertPay) - Legitimni PTC Sajtovi","robots":{"index":"index","follow":"follow","max-snippet":"max-snippet:-1","max-image-preview":"max-image-preview:large","max-video-preview":"max-video-preview:-1"},"canonical":"http:\/\/legitptcsites.net\/sr\/platni-procesori\/payza-bivsi-alertpay\/","og_locale":"sr_RS","og_type":"article","og_title":"Payza (AlertPay) - Legitimni PTC Sajtovi","og_description":"Payza (biv\u0161i AlertPay) (Payza.com) Payza je jedan od sigurno najpoznatijih internet banaka na ovim prostorima zbog \u010dinjenice da je od svog po\u010detka podr\u017eavao sve zemlje u okru\u017eenju, nasuprot Paypal-u. Dana\u0161nja kompanija je osnovana 2004.-e godine u Montrealu, Kanada prvobitno pod nazivom &#8222;AlertPay&#8220;. Maja 14. 2012.-e godine AlertPay je prodat MH Pillars Ltd i ime je [&hellip;]","og_url":"http:\/\/legitptcsites.net\/sr\/platni-procesori\/payza-bivsi-alertpay\/","og_site_name":"Legitimni PTC Sajtovi","article_modified_time":"2022-12-09T23:39:55+00:00","og_image":[{"url":"http:\/\/www.legitptcsites.net\/img\/cont\/former_alertpay_payza_payment_processor.png","type":"","width":"","height":""}],"twitter_card":"summary_large_image","twitter_misc":{"\u041f\u0440\u043e\u0446\u0435\u045a\u0435\u043d\u043e \u0432\u0440\u0435\u043c\u0435 \u0447\u0438\u0442\u0430\u045a\u0430":"1 minute"},"schema":{"@context":"https:\/\/schema.org","@graph":[{"@type":"WebPage","@id":"http:\/\/legitptcsites.net\/sr\/platni-procesori\/payza-bivsi-alertpay\/","url":"http:\/\/legitptcsites.net\/sr\/platni-procesori\/payza-bivsi-alertpay\/","name":"Payza (AlertPay) - Legitimni PTC Sajtovi","isPartOf":{"@id":"http:\/\/legitptcsites.net\/sr\/#website"},"primaryImageOfPage":{"@id":"http:\/\/legitptcsites.net\/sr\/platni-procesori\/payza-bivsi-alertpay\/#primaryimage"},"image":{"@id":"http:\/\/legitptcsites.net\/sr\/platni-procesori\/payza-bivsi-alertpay\/#primaryimage"},"thumbnailUrl":"http:\/\/www.legitptcsites.net\/img\/cont\/former_alertpay_payza_payment_processor.png","datePublished":"2015-11-12T11:50:33+00:00","dateModified":"2022-12-09T23:39:55+00:00","breadcrumb":{"@id":"http:\/\/legitptcsites.net\/sr\/platni-procesori\/payza-bivsi-alertpay\/#breadcrumb"},"inLanguage":"sr-RS","potentialAction":[{"@type":"ReadAction","target":["http:\/\/legitptcsites.net\/sr\/platni-procesori\/payza-bivsi-alertpay\/"]}]},{"@type":"ImageObject","inLanguage":"sr-RS","@id":"http:\/\/legitptcsites.net\/sr\/platni-procesori\/payza-bivsi-alertpay\/#primaryimage","url":"http:\/\/www.legitptcsites.net\/img\/cont\/former_alertpay_payza_payment_processor.png","contentUrl":"http:\/\/www.legitptcsites.net\/img\/cont\/former_alertpay_payza_payment_processor.png"},{"@type":"BreadcrumbList","@id":"http:\/\/legitptcsites.net\/sr\/platni-procesori\/payza-bivsi-alertpay\/#breadcrumb","itemListElement":[{"@type":"ListItem","position":1,"name":"Home","item":"http:\/\/legitptcsites.net\/sr\/"},{"@type":"ListItem","position":2,"name":"P. Procesori","item":"http:\/\/legitptcsites.net\/sr\/platni-procesori\/"},{"@type":"ListItem","position":3,"name":"Payza (AlertPay)"}]},{"@type":"WebSite","@id":"http:\/\/legitptcsites.net\/sr\/#website","url":"http:\/\/legitptcsites.net\/sr\/","name":"Legitimni PTC Sajtovi","description":"Najbolji Paid to Click i ostali nacini zarade na internetu","potentialAction":[{"@type":"SearchAction","target":{"@type":"EntryPoint","urlTemplate":"http:\/\/legitptcsites.net\/sr\/?s={search_term_string}"},"query-input":{"@type":"PropertyValueSpecification","valueRequired":true,"valueName":"search_term_string"}}],"inLanguage":"sr-RS"}]}},"_links":{"self":[{"href":"http:\/\/legitptcsites.net\/sr\/wp-json\/wp\/v2\/pages\/21","targetHints":{"allow":["GET"]}}],"collection":[{"href":"http:\/\/legitptcsites.net\/sr\/wp-json\/wp\/v2\/pages"}],"about":[{"href":"http:\/\/legitptcsites.net\/sr\/wp-json\/wp\/v2\/types\/page"}],"author":[{"embeddable":true,"href":"http:\/\/legitptcsites.net\/sr\/wp-json\/wp\/v2\/users\/1"}],"replies":[{"embeddable":true,"href":"http:\/\/legitptcsites.net\/sr\/wp-json\/wp\/v2\/comments?post=21"}],"version-history":[{"count":4,"href":"http:\/\/legitptcsites.net\/sr\/wp-json\/wp\/v2\/pages\/21\/revisions"}],"predecessor-version":[{"id":116,"href":"http:\/\/legitptcsites.net\/sr\/wp-json\/wp\/v2\/pages\/21\/revisions\/116"}],"up":[{"embeddable":true,"href":"http:\/\/legitptcsites.net\/sr\/wp-json\/wp\/v2\/pages\/71"}],"wp:attachment":[{"href":"http:\/\/legitptcsites.net\/sr\/wp-json\/wp\/v2\/media?parent=21"}],"wp:term":[{"taxonomy":"language","embeddable":true,"href":"http:\/\/legitptcsites.net\/sr\/wp-json\/wp\/v2\/languages?post=21"}],"curies":[{"name":"wp","href":"https:\/\/api.w.org\/{rel}","templated":true}]}}