{"id":170,"date":"2022-12-23T13:51:26","date_gmt":"2022-12-23T13:51:26","guid":{"rendered":"http:\/\/legitptcsites.net\/sr\/?page_id=170"},"modified":"2025-01-15T02:26:55","modified_gmt":"2025-01-15T02:26:55","slug":"o-nama","status":"publish","type":"page","link":"http:\/\/legitptcsites.net\/sr\/o-nama\/","title":{"rendered":"O Nama"},"content":{"rendered":"<div class=\"page-custom-title\">O Nama<\/div>\n<p>&nbsp;<br \/>\n&#8222;Legit PTC Sites&#8220; je sajt na kome mo\u017eete \u010ditati recenzije i voditi diskusiju o &#8222;Paid-to-Click&#8220; (PTC), &#8222;Get-paid-to (GPT)&#8220; prgramima i platformama kao i drugim programima koji nude onlajn zaradu. Na\u0161 cilj je da vam pru\u017eimo sve potrebne informacije o PTC sajtovima, tako da mo\u017eete imati uvid pre nego \u0161to se registrujete na nekom od sajtova. Our site consist of few different lists where you can find PTC sites categorized by certain criteria. On each list page you will find a short description about the sites listed on the page, and what are the main requirements to be placed on that list.<\/p>\n<p>Unfortunately, most PTC sites out there are scams. However, there are few PTC Programs that have proven to be legitimate and paying, and they do have a solid reputation in the PTC industry. These sites offer you an opportunity to make residual income online from home. You should be aware that PTC is not \u201cget rich quick\u201d scheme. You shouldn\u2019t expect to make a living, but it\u2019s possible to make some extra cash by using PTC sites.<\/p>\n<p>We will do our best to review the legit and reliable paid-to-click programs out there, and more importantly, since most PTC programs are scams, we will make efforts to inform you about recent paid to click scams\/non-paying sites.<\/p>\n<!-- AddThis Advanced Settings generic via filter on the_content --><!-- AddThis Share Buttons generic via filter on the_content --><!-- AddThis Related Posts generic via filter on the_content -->","protected":false},"excerpt":{"rendered":"<p>O Nama &nbsp; &#8222;Legit PTC Sites&#8220; je sajt na kome mo\u017eete \u010ditati recenzije i voditi diskusiju o &#8222;Paid-to-Click&#8220; (PTC), &#8222;Get-paid-to (GPT)&#8220; prgramima i platformama kao i drugim programima koji nude onlajn zaradu. Na\u0161 cilj je da vam pru\u017eimo sve potrebne informacije o PTC sajtovima, tako da mo\u017eete imati uvid pre nego \u0161to se registrujete na [&hellip;]<!-- AddThis Advanced Settings generic via filter on wp_trim_excerpt --><!-- AddThis Share Buttons generic via filter on wp_trim_excerpt --><!-- AddThis Related Posts generic via filter on wp_trim_excerpt --><\/p>\n","protected":false},"author":1,"featured_media":0,"parent":0,"menu_order":0,"comment_status":"closed","ping_status":"closed","template":"","meta":{"footnotes":""},"languages":[],"class_list":["post-170","page","type-page","status-publish","hentry"],"yoast_head":"<!-- This site is optimized with the Yoast SEO plugin v26.8 - https:\/\/yoast.com\/product\/yoast-seo-wordpress\/ -->\n<title>O Nama - Legitimni PTC Sajtovi<\/title>\n<meta name=\"description\" content=\"&quot;Legit PTC Sites&quot; je sajt na kome mo\u017eete \u010ditati recenzije i voditi diskusiju o &quot;Paid-to-Click&quot; (PTC), &quot;Get-paid-to (GPT)&quot; prgramima i platformama kao i drugim programima koji nude onlajn zaradu.\" \/>\n<meta name=\"robots\" content=\"index, follow, max-snippet:-1, max-image-preview:large, max-video-preview:-1\" \/>\n<link rel=\"canonical\" href=\"http:\/\/legitptcsites.net\/sr\/o-nama\/\" \/>\n<meta property=\"og:locale\" content=\"sr_RS\" \/>\n<meta property=\"og:type\" content=\"article\" \/>\n<meta property=\"og:title\" content=\"O Nama - Legitimni PTC Sajtovi\" \/>\n<meta property=\"og:description\" content=\"&quot;Legit PTC Sites&quot; je sajt na kome mo\u017eete \u010ditati recenzije i voditi diskusiju o &quot;Paid-to-Click&quot; (PTC), &quot;Get-paid-to (GPT)&quot; prgramima i platformama kao i drugim programima koji nude onlajn zaradu.\" \/>\n<meta property=\"og:url\" content=\"http:\/\/legitptcsites.net\/sr\/o-nama\/\" \/>\n<meta property=\"og:site_name\" content=\"Legitimni PTC Sajtovi\" \/>\n<meta property=\"article:modified_time\" content=\"2025-01-15T02:26:55+00:00\" \/>\n<meta name=\"twitter:card\" content=\"summary_large_image\" \/>\n<meta name=\"twitter:label1\" content=\"\u041f\u0440\u043e\u0446\u0435\u045a\u0435\u043d\u043e \u0432\u0440\u0435\u043c\u0435 \u0447\u0438\u0442\u0430\u045a\u0430\" \/>\n\t<meta name=\"twitter:data1\" content=\"1 minute\" \/>\n<script type=\"application\/ld+json\" class=\"yoast-schema-graph\">{\"@context\":\"https:\/\/schema.org\",\"@graph\":[{\"@type\":\"WebPage\",\"@id\":\"http:\/\/legitptcsites.net\/sr\/o-nama\/\",\"url\":\"http:\/\/legitptcsites.net\/sr\/o-nama\/\",\"name\":\"O Nama - Legitimni PTC Sajtovi\",\"isPartOf\":{\"@id\":\"http:\/\/legitptcsites.net\/sr\/#website\"},\"datePublished\":\"2022-12-23T13:51:26+00:00\",\"dateModified\":\"2025-01-15T02:26:55+00:00\",\"description\":\"\\\"Legit PTC Sites\\\" je sajt na kome mo\u017eete \u010ditati recenzije i voditi diskusiju o \\\"Paid-to-Click\\\" (PTC), \\\"Get-paid-to (GPT)\\\" prgramima i platformama kao i drugim programima koji nude onlajn zaradu.\",\"breadcrumb\":{\"@id\":\"http:\/\/legitptcsites.net\/sr\/o-nama\/#breadcrumb\"},\"inLanguage\":\"sr-RS\",\"potentialAction\":[{\"@type\":\"ReadAction\",\"target\":[\"http:\/\/legitptcsites.net\/sr\/o-nama\/\"]}]},{\"@type\":\"BreadcrumbList\",\"@id\":\"http:\/\/legitptcsites.net\/sr\/o-nama\/#breadcrumb\",\"itemListElement\":[{\"@type\":\"ListItem\",\"position\":1,\"name\":\"Home\",\"item\":\"http:\/\/legitptcsites.net\/sr\/\"},{\"@type\":\"ListItem\",\"position\":2,\"name\":\"O Nama\"}]},{\"@type\":\"WebSite\",\"@id\":\"http:\/\/legitptcsites.net\/sr\/#website\",\"url\":\"http:\/\/legitptcsites.net\/sr\/\",\"name\":\"Legitimni PTC Sajtovi\",\"description\":\"Najbolji Paid to Click i ostali nacini zarade na internetu\",\"potentialAction\":[{\"@type\":\"SearchAction\",\"target\":{\"@type\":\"EntryPoint\",\"urlTemplate\":\"http:\/\/legitptcsites.net\/sr\/?s={search_term_string}\"},\"query-input\":{\"@type\":\"PropertyValueSpecification\",\"valueRequired\":true,\"valueName\":\"search_term_string\"}}],\"inLanguage\":\"sr-RS\"}]}<\/script>\n<!-- \/ Yoast SEO plugin. -->","yoast_head_json":{"title":"O Nama - Legitimni PTC Sajtovi","description":"\"Legit PTC Sites\" je sajt na kome mo\u017eete \u010ditati recenzije i voditi diskusiju o \"Paid-to-Click\" (PTC), \"Get-paid-to (GPT)\" prgramima i platformama kao i drugim programima koji nude onlajn zaradu.","robots":{"index":"index","follow":"follow","max-snippet":"max-snippet:-1","max-image-preview":"max-image-preview:large","max-video-preview":"max-video-preview:-1"},"canonical":"http:\/\/legitptcsites.net\/sr\/o-nama\/","og_locale":"sr_RS","og_type":"article","og_title":"O Nama - Legitimni PTC Sajtovi","og_description":"\"Legit PTC Sites\" je sajt na kome mo\u017eete \u010ditati recenzije i voditi diskusiju o \"Paid-to-Click\" (PTC), \"Get-paid-to (GPT)\" prgramima i platformama kao i drugim programima koji nude onlajn zaradu.","og_url":"http:\/\/legitptcsites.net\/sr\/o-nama\/","og_site_name":"Legitimni PTC Sajtovi","article_modified_time":"2025-01-15T02:26:55+00:00","twitter_card":"summary_large_image","twitter_misc":{"\u041f\u0440\u043e\u0446\u0435\u045a\u0435\u043d\u043e \u0432\u0440\u0435\u043c\u0435 \u0447\u0438\u0442\u0430\u045a\u0430":"1 minute"},"schema":{"@context":"https:\/\/schema.org","@graph":[{"@type":"WebPage","@id":"http:\/\/legitptcsites.net\/sr\/o-nama\/","url":"http:\/\/legitptcsites.net\/sr\/o-nama\/","name":"O Nama - Legitimni PTC Sajtovi","isPartOf":{"@id":"http:\/\/legitptcsites.net\/sr\/#website"},"datePublished":"2022-12-23T13:51:26+00:00","dateModified":"2025-01-15T02:26:55+00:00","description":"\"Legit PTC Sites\" je sajt na kome mo\u017eete \u010ditati recenzije i voditi diskusiju o \"Paid-to-Click\" (PTC), \"Get-paid-to (GPT)\" prgramima i platformama kao i drugim programima koji nude onlajn zaradu.","breadcrumb":{"@id":"http:\/\/legitptcsites.net\/sr\/o-nama\/#breadcrumb"},"inLanguage":"sr-RS","potentialAction":[{"@type":"ReadAction","target":["http:\/\/legitptcsites.net\/sr\/o-nama\/"]}]},{"@type":"BreadcrumbList","@id":"http:\/\/legitptcsites.net\/sr\/o-nama\/#breadcrumb","itemListElement":[{"@type":"ListItem","position":1,"name":"Home","item":"http:\/\/legitptcsites.net\/sr\/"},{"@type":"ListItem","position":2,"name":"O Nama"}]},{"@type":"WebSite","@id":"http:\/\/legitptcsites.net\/sr\/#website","url":"http:\/\/legitptcsites.net\/sr\/","name":"Legitimni PTC Sajtovi","description":"Najbolji Paid to Click i ostali nacini zarade na internetu","potentialAction":[{"@type":"SearchAction","target":{"@type":"EntryPoint","urlTemplate":"http:\/\/legitptcsites.net\/sr\/?s={search_term_string}"},"query-input":{"@type":"PropertyValueSpecification","valueRequired":true,"valueName":"search_term_string"}}],"inLanguage":"sr-RS"}]}},"_links":{"self":[{"href":"http:\/\/legitptcsites.net\/sr\/wp-json\/wp\/v2\/pages\/170","targetHints":{"allow":["GET"]}}],"collection":[{"href":"http:\/\/legitptcsites.net\/sr\/wp-json\/wp\/v2\/pages"}],"about":[{"href":"http:\/\/legitptcsites.net\/sr\/wp-json\/wp\/v2\/types\/page"}],"author":[{"embeddable":true,"href":"http:\/\/legitptcsites.net\/sr\/wp-json\/wp\/v2\/users\/1"}],"replies":[{"embeddable":true,"href":"http:\/\/legitptcsites.net\/sr\/wp-json\/wp\/v2\/comments?post=170"}],"version-history":[{"count":1,"href":"http:\/\/legitptcsites.net\/sr\/wp-json\/wp\/v2\/pages\/170\/revisions"}],"predecessor-version":[{"id":171,"href":"http:\/\/legitptcsites.net\/sr\/wp-json\/wp\/v2\/pages\/170\/revisions\/171"}],"wp:attachment":[{"href":"http:\/\/legitptcsites.net\/sr\/wp-json\/wp\/v2\/media?parent=170"}],"wp:term":[{"taxonomy":"language","embeddable":true,"href":"http:\/\/legitptcsites.net\/sr\/wp-json\/wp\/v2\/languages?post=170"}],"curies":[{"name":"wp","href":"https:\/\/api.w.org\/{rel}","templated":true}]}}