{"id":11,"date":"2015-11-09T04:55:13","date_gmt":"2015-11-09T04:55:13","guid":{"rendered":"http:\/\/legitptcsites.net\/sr\/?page_id=11"},"modified":"2025-01-15T22:17:05","modified_gmt":"2025-01-15T22:17:05","slug":"paid-to-click","status":"publish","type":"page","link":"http:\/\/legitptcsites.net\/sr\/","title":{"rendered":"PTC"},"content":{"rendered":"<div id=\"center-div\">\n<div id=\"boxes-big\" class=\"clear-block\">\n<div class=\"boxes-big\">\n<div class=\"wp-block-srxgb-srx-according alignwide\" style=\"background: #fff;\">\n<p class=\"card-body srx-according-content justify\">\n<h6><img loading=\"lazy\" decoding=\"async\" src=\"\/img\/cont\/hand_wave.gif\" alt=\"Hand Wave\" width=\"60\" height=\"60\">Dobrodo\u0161li na <img loading=\"lazy\" decoding=\"async\" src=\"\/img\/cont\/legit_ptc_sites.png\" alt=\"Legit PTC Sites\" width=\"120\" height=\"28\"> web stranicu za \u010ditanje recenzija i iskustava o PTC (&#8222;Paid to Click&#8220;) sajtovima i drugim programima koji pru\u017eaju zaradu na internetu. Mi \u0107emo prikupljati informacije sa interneta i postovati skrin\u0161otove i onog \u0161to budemo prona\u0161li. Obzirom da prvenstveno PTC sajtovi imaju tendenciju da menjaju svoju politiku poslovanja i da tek naprsno nestanu, verujemo da je veoma va\u017eno da sakupimo sve informacije i obelodanimo ih na ovoj stranici. Posebno ako njihovi vlasnici imaju tendenciju da pokupe pare i sklone se.<br \/>\n&nbsp;<br \/>\nNa\u017ealost, ve\u0107ina PTC sajtova kao i ostalih koji nude zaradu na internetu su klasi\u010dne prevare. Sa druge strane, postoje i oni, legitimni na kojima mo\u017eete ostvariti neku pasivnu\/dodatnu zaradu. Iz tog razloga smo i mi ovde. To give you some feedback and give you our opinion on whether a site can be trusted. Most of our info can be found on the net. Through visiting Chat rooms and reading current member&#8217;s feedback, or through blogs, and other review sites.<br \/>\n&nbsp;<\/p>\n<p>Here is how we will be ranking sites:<br \/>\n&nbsp;<br \/>\n<img loading=\"lazy\" decoding=\"async\" src=\"\/img\/cont\/scam.png\" alt=\"scam\" title=\"Scam\" width=\"71\" height=\"31\"><a href=\"\/paid-to-click\/scam-sites\/\" target=\"_blank\" rel=\"noopener noreferrer\">Scam List<\/a> &#8211; Site has a damaging evidence of it being poorly run, connected to another site, or is a scam. Either from member&#8217;s feedbacks, or a owner&#8217;s history. Evidence showing from a previous failing or closed site. Could be late on payments too, or no payments being made for the earnings made by members. (scam = deprive of by deceit)<\/p>\n<p><img loading=\"lazy\" decoding=\"async\" src=\"\/img\/cont\/watch.png\" alt=\"Watch List\" title=\"Watching\" width=\"71\" height=\"31\"><a href=\"\/paid-to-click\/watch-sites\/\" target=\"_blank\" rel=\"noopener noreferrer\">Watch List<\/a> &#8211; Site on the verge of becoming a scam. Falling behind on payments. Can also mean the site has ties with another site or previous owner. Some site owners will sell their site if they are failing. When this happens the current site owner will delete or ban members with pending payouts in order to delete old debt. Then the new owner will take control of the site. Most of these takeovers do not work and the site ends up closing anyways. Leaving old and new members scammed.<\/p>\n<p><img loading=\"lazy\" decoding=\"async\" src=\"\/img\/cont\/closed.png\" alt=\"closed\" title=\"Closed\" width=\"71\" height=\"31\"><a href=\"\/paid-to-click\/closed-sites\/\" target=\"_blank\" rel=\"noopener noreferrer\">Closed List<\/a> &#8211; Sites that decided to close the site, but paid all it&#8217;s members and refunded purchases. Very few will actually be on this list since most will take the money and run.<\/p>\n<p><img loading=\"lazy\" decoding=\"async\" src=\"\/img\/cont\/new.png\" title=\"New\" width=\"71\" height=\"31\"><a href=\"\/paid-to-click\/new-sites\/\" target=\"_blank\" rel=\"noopener noreferrer\">New Sites<\/a> &#8211; Site is too new, or it is a untested site. Under 3 &#8211; 6 months old. Use caution, and do not invest large amounts of money until site is fully established. Also controversial sites will be put on this list.<\/p>\n<p><img loading=\"lazy\" decoding=\"async\" src=\"\/img\/cont\/trusted.png\" title=\"Trusted\" width=\"71\" height=\"31\"><a href=\"\/paid-to-click\/trusted-sites\/ \" target=\"_blank\" rel=\"noopener noreferrer\">Trusted List<\/a> &#8211; Sites that are paying and continue to do so. However, these sites status can change at any time due to newness or a few issues. Most are under 3 years old<\/p>\n<p><img loading=\"lazy\" decoding=\"async\" src=\"\/img\/cont\/elite.png\" title=\"Elite\" width=\"71\" height=\"31\"><a href=\"\/paid-to-click\/elite-sites\/\" target=\"_blank\" rel=\"noopener noreferrer\">Elite List<\/a> &#8211; Well established sites and have very little complaints. Any and all sites that pay. Either affiliate sites like Amazon.com or a PTC site. Proofs of payments are given. Most are 3 years and older.<\/p>\n<p>If you have any questions or would like us to look at a site fell free to leave a comment. If you are a owner of a PTC and think we have unfairly reviewed your site you are also welcome to leave a comment or <a href=\"\/contact\/\" target=\"_blank\" rel=\"noopener noreferrer\">Contact Us<\/a>.<\/p>\n<p>We have also added a page for those who have been sending us site for us to look at. When we have time we will review those sites. You can track our progress here. If you can please give us the correct spelling and web address, that will help us find the site you are asking about.<\/p>\n<p>Example: easyhits4u.com<br \/>\nBad Example: Eazy hits for you<\/p>\n<p>It will make it easier for us to review and not have to guess which site you are asking about. Some sites will have .net .info .us .com and so on.<\/p>\n<p>And, please, no porn PTC\/GPT sites.<\/p>\n<hr>\n<\/h6>\n<h1 class=\"srx-acc-box-title\" style=\"color: #0e345c;\"><\/h1>\n<div id=\"srx-accordion\">\n<div class=\"srx-according card\"><span class=\"srx-according-index\" style=\"display: none;\">0<\/span><\/p>\n<div id=\"srxAccordionId0\" class=\"card-header\" style=\"color: #fff; background: #77933c;\" data-toggle=\"collapse\" data-target=\"#srxCollapse0\" aria-expanded=\"true\" aria-controls=\"#srxCollapse0\">\n<p class=\"srx-according-title\">PTC Reviews and articles<\/p>\n<\/div>\n<div id=\"srxCollapse0\" class=\"collapse show\" style=\"color: #000; background: #FFF;\" aria-labelledby=\"srxAccordionId0\" data-parent=\"#srx-accordion\">\n<p class=\"card-body srx-according-content justify\">Majority of the sites listed here are established, successful, well reputed and above all paying on time.<\/p>\n<\/div>\n<\/div>\n<p><span class=\"srx-according-index\" style=\"display: none;\">1<\/span><\/p>\n<div id=\"srxAccordionId1\" class=\"card-header collapsed\" style=\"color: #fff; background: #77933c;\" data-toggle=\"collapse\" data-target=\"#srxCollapse1\" aria-expanded=\"false\" aria-controls=\"#srxCollapse1\">\n<p class=\"srx-according-title\">Advertiser Corner<\/p>\n<\/div>\n<div id=\"srxCollapse1\" class=\"collapse\" style=\"color: #000; background: #FFF;\" aria-labelledby=\"srxAccordionId1\" data-parent=\"#srx-accordion\">\n<p class=\"card-body srx-according-content justify\">Looking to advertise your blog or referral link but can\u2019t find the proper place?<br \/>\nNo problem. Just check out our <a href=\"http:\/\/legitptcsites.net\" target=\"_blank\" rel=\"noreferrer noopener\" aria-label=\"Advertisers Corner (opens in a new tab)\">Advertisers Corner<\/a> where you will find all types of advertising options (incentvised and non-incentivised) and prices offered by various sites.<\/p>\n<\/div>\n<\/div>\n<div class=\"srx-according card\"><span class=\"srx-according-index\" style=\"display: none;\">2<\/span><\/p>\n<div id=\"srxAccordionId2\" class=\"card-header\" style=\"color: #fff; background: #77933c;\" data-toggle=\"collapse\" data-target=\"#srxCollapse2\" aria-expanded=\"false\" aria-controls=\"#srxCollapse2\">\n<p class=\"srx-according-title\">Need Help?<\/p>\n<\/div>\n<div id=\"srxCollapse2\" class=\"collapse\" style=\"color: #000; background: #FFF;\" aria-labelledby=\"srxAccordionId2\" data-parent=\"#srx-accordion\">\n<p class=\"card-body srx-according-content justify\">Are you feeling lost?<\/p>\n<p>Check out the <a href=\"http:\/\/legitptcsites.net\/faq\/\" target=\"_blank\" rel=\"noreferrer noopener\" aria-label=\"FAQ (opens in a new tab)\">FAQ<\/a> <a href=\"hints-tips\/\" target=\"_blank\" rel=\"noreferrer noopener\">&amp; Hints &amp; Tips<\/a>.<br \/>\nIf you still need assistance, feel free to drop a comment in the appropriate section.\n<\/div>\n<\/div>\n<\/div>\n<\/div>\n<\/div>\n<\/div>\n<div id=\"center-div\">\n<div id=\"boxes\" class=\"clear-block\">\n<div class=\"boxes\">\n<div class=\"boxes-title\" style=\"margin-bottom: 10px;\">\n<div class=\"first-box-image\"><\/div>\n<div class=\"btext\">Latest News<\/div>\n<\/div>\n<div class=\"boxes-content\">\n<div style=\"overflow: auto; height: 400px;\">\n<p><span class=\"news\">29 April, 2017:<\/span> <strong><a style=\"color: #339900;\" title=\"\" href=\"http:\/\/legitptcsites.net\/2017\/04\/29\/country-update-vietnam-added-clixsense\/\" target=\"_blank\" rel=\"noopener noreferrer\">(<u>ClixSense<\/u>) Country Added: Vietnam<\/a><\/strong> &#8211; Great news to all from Vietnam! Today on April 29, <strong><a title=\"ClixSense\" href=\"http:\/\/legitptcsites.net\/paid-to-click\/elite-sites\/clixsense\/\" target=\"_blank\" rel=\"noopener noreferrer\">ClixSense<\/a><\/strong> has finally opened<br \/>\nregistrations to people from Vietnam&#8230;<br \/>\n<span class=\"news\">20 April, 2017:<\/span> <strong><a style=\"color: #339900;\" title=\"\" href=\"http:\/\/legitptcsites.net\/2017\/04\/20\/temporary-cashout-problems-with-payza-clixsense\/\" target=\"_blank\" rel=\"noopener noreferrer\">(<u>ClixSense<\/u>) Temporary problems with Payza<\/a><\/strong> &#8211; <strong><a title=\"ClixSense\" href=\"http:\/\/legitptcsites.net\/paid-to-click\/elite-sites\/clixsense\/\" target=\"_blank\" rel=\"noopener noreferrer\">ClixSense<\/a><\/strong> has announced on last Monday that they would be temporary unable to<br \/>\nprocess cashout requests placed with Payza..<br \/>\n<span class=\"news\">14 February, 2017:<\/span> <strong><a style=\"color: #339900;\" title=\"ClixSense problems with PayPal)\" href=\"http:\/\/legitptcsites.net\/2017\/02\/14\/paypal-problems-clixsense\/\" target=\"_blank\" rel=\"noopener noreferrer\">(<u>ClixSense<\/u>) Problems with Paypal<\/a><\/strong> \u2013 <strong><a title=\"ClixSense\" href=\"http:\/\/legitptcsites.net\/paid-to-click\/elite-sites\/clixsense\/\" target=\"_blank\" rel=\"noopener noreferrer\">ClixSense<\/a><\/strong> has announced on 9th February they have to discontinue using Paypal<br \/>\npayment services..<br \/>\n<span class=\"news\">26 November, 2016:<\/span> <strong><a style=\"color: #339900;\" title=\"CashNhits.com\" href=\"http:\/\/legitptcsites.net\/paid-to-click\/trusted-sites\/cashnhits\/\" target=\"_blank\" rel=\"noopener noreferrer\">(<u>CashNhits<\/u>)<\/a><\/strong> \u2013 CashNhits was removed from our listings due to allegedly problems with hacking for more than 6 months now.<br \/>\n<span class=\"news\">2 February, 2016:<\/span> <strong><a style=\"color: #339900;\" title=\"EpicClix.com\" href=\"http:\/\/legitptcsites.net\/paid-to-click\/trusted-sites\/epicclix\/\" target=\"_blank\" rel=\"noopener noreferrer\">(<u>EpicClix<\/u>)<\/a><\/strong> \u2013 EpicClix has just been promoted from <a href=\"http:\/\/legitptcsites.net\/paid-to-click\/new-sites\/\" target=\"_blank\" rel=\"noopener noreferrer\"><strong>New Sites<\/strong><\/a> to our <a href=\"http:\/\/legitptcsites.net\/paid-to-click\/trusted-sites\/\" target=\"_blank\" rel=\"noopener noreferrer\"><strong>Trusted Sites<\/strong><\/a> listing .<\/p>\n<\/div>\n<\/div>\n<\/div>\n<div class=\"boxes\">\n<div class=\"boxes-title\">\n<div class=\"second-box-image\"><\/div>\n<div class=\"btext\">Recommended Sites<\/div>\n<\/div>\n<div class=\"boxes-content\">\n<div align=\"center\"><a href=\"http:\/\/www.clixsense.com\/?3456260\" target=\"_blank\" rel=\"nofollow noopener noreferrer\"><img decoding=\"async\" src=\"\/img\/cont\/clixsense-front.png\" alt=\"ClixSense\"><\/a><br \/>\n<a href=\"http:\/\/www.neobux.com\/?r=DjWoolfy\" target=\"_blank\" rel=\"nofollow noopener noreferrer\"><img decoding=\"async\" src=\"https:\/\/www.neobux.com\/imagens\/banner10.gif\" alt=\"NeoBux\"><\/a><\/div>\n<\/div>\n<\/div>\n<div class=\"boxes-last\">\n<div class=\"boxes-content\">\n<div style=\"text-align: center;\"><a style=\"background-color: #3fafee; color: #fff; padding-left: 15px; padding-right: 15px; border-radius: 5px; text-decoration: none; font-size: 130%;\" target=\"_blank\" rel=\"noopener noreferrer\">Official Partners<\/a><\/p>\n<hr>\n<p><a style=\"background-color: #000; color: #fff; padding-left: 15px; padding-right: 15px; border-radius: 5px; text-decoration: none; font-size: 115%;\" href=\"\/recent-payment-proofs\/\" target=\"_blank\" rel=\"noopener noreferrer\">Recent Payment Proofs<\/a><\/p>\n<div class=\"pp\">\n<div style=\"overflow: auto; height: 240px;\">\n<div class=\"pim\"><a class=\"fancybox\" title=\"<a href=&quot;&quot; target=&quot;_blank&quot; rel=\" href=\"IMAGE\" data-fancybox-group=\"gallery1\">ClixSense #15<\/a><\/p>\n<p>&#8222;&gt;<img loading=\"lazy\" decoding=\"async\" src=\"IMAGE\" alt=\"ClixSense payment proof\" width=\"120\" height=\"60\"><\/p>\n<\/div>\n<div class=\"pim\"><a class=\"fancybox\" title=\"<a href=&quot;&quot; target=&quot;_blank&quot; rel=\" href=\"IMAGE\" data-fancybox-group=\"gallery1\">NeoBux #18<\/a><\/p>\n<p>&#8222;&gt;<img loading=\"lazy\" decoding=\"async\" src=\"IMAGE\" alt=\"NeoBux payment proof\" width=\"120\" height=\"60\"><\/p>\n<\/div>\n<div class=\"pim\"><a class=\"fancybox\" title=\"<a href=&quot;&quot; target=&quot;_blank&quot; rel=\" href=\"IMAGE\" data-fancybox-group=\"gallery1\">LogiPTC #12<\/a><\/p>\n<p>&#8222;&gt;<img loading=\"lazy\" decoding=\"async\" src=\"IMAGE\" alt=\"LogiPTC payment proof\" width=\"120\" height=\"60\"><\/p>\n<\/div>\n<div class=\"pim\"><a class=\"fancybox\" title=\"<a href=&quot;&quot; target=&quot;_blank&quot; rel=\" href=\"IMAGE\" data-fancybox-group=\"gallery1\">Rewarding Ways #20<\/a><\/p>\n<p>&#8222;&gt;<img loading=\"lazy\" decoding=\"async\" src=\"IMAGE\" alt=\"LogiPTC payment proof\" width=\"120\" height=\"60\"><\/p>\n<\/div>\n<div class=\"pim\"><a class=\"fancybox\" title=\"<a href=&quot;&quot; target=&quot;_blank&quot; rel=\" href=\"IMAGE\" data-fancybox-group=\"gallery1\">SwagBucks #6 &amp; #7<\/a><\/p>\n<p>&#8222;&gt;<img loading=\"lazy\" decoding=\"async\" src=\"IMAGEg\" alt=\"LogiPTC payment proof\" width=\"120\" height=\"60\"><\/p>\n<\/div>\n<\/div>\n<\/div>\n<\/div>\n<\/div>\n<\/div>\n<\/div>\n<\/div>\n<!-- AddThis Advanced Settings generic via filter on the_content --><!-- AddThis Share Buttons generic via filter on the_content --><!-- AddThis Related Posts generic via filter on the_content -->","protected":false},"excerpt":{"rendered":"<p>Dobrodo\u0161li na web stranicu za \u010ditanje recenzija i iskustava o PTC (&#8222;Paid to Click&#8220;) sajtovima i drugim programima koji pru\u017eaju zaradu na internetu. Mi \u0107emo prikupljati informacije sa interneta i postovati skrin\u0161otove i onog \u0161to budemo prona\u0161li. Obzirom da prvenstveno PTC sajtovi imaju tendenciju da menjaju svoju politiku poslovanja i da tek naprsno nestanu, verujemo [&hellip;]<!-- AddThis Advanced Settings generic via filter on wp_trim_excerpt --><!-- AddThis Share Buttons generic via filter on wp_trim_excerpt --><!-- AddThis Related Posts generic via filter on wp_trim_excerpt --><\/p>\n","protected":false},"author":1,"featured_media":0,"parent":0,"menu_order":1,"comment_status":"closed","ping_status":"closed","template":"page-full.php","meta":{"footnotes":""},"languages":[17],"class_list":["post-11","page","type-page","status-publish","hentry","language-srpski"],"yoast_head":"<!-- This site is optimized with the Yoast SEO plugin v26.8 - https:\/\/yoast.com\/product\/yoast-seo-wordpress\/ -->\n<title>PTC | Provereni Sajtovi<\/title>\n<meta name=\"robots\" content=\"index, follow, max-snippet:-1, max-image-preview:large, max-video-preview:-1\" \/>\n<link rel=\"canonical\" href=\"http:\/\/legitptcsites.net\/sr\/\" \/>\n<meta property=\"og:locale\" content=\"sr_RS\" \/>\n<meta property=\"og:type\" content=\"article\" \/>\n<meta property=\"og:title\" content=\"PTC | Provereni Sajtovi\" \/>\n<meta property=\"og:description\" content=\"Dobrodo\u0161li na web stranicu za \u010ditanje recenzija i iskustava o PTC (&#8222;Paid to Click&#8220;) sajtovima i drugim programima koji pru\u017eaju zaradu na internetu. Mi \u0107emo prikupljati informacije sa interneta i postovati skrin\u0161otove i onog \u0161to budemo prona\u0161li. Obzirom da prvenstveno PTC sajtovi imaju tendenciju da menjaju svoju politiku poslovanja i da tek naprsno nestanu, verujemo [&hellip;]\" \/>\n<meta property=\"og:url\" content=\"http:\/\/legitptcsites.net\/sr\/\" \/>\n<meta property=\"og:site_name\" content=\"Legitimni PTC Sajtovi\" \/>\n<meta property=\"article:modified_time\" content=\"2025-01-15T22:17:05+00:00\" \/>\n<meta property=\"og:image\" content=\"https:\/\/www.neobux.com\/imagens\/banner10.gif\" \/>\n<meta name=\"twitter:card\" content=\"summary_large_image\" \/>\n<meta name=\"twitter:label1\" content=\"\u041f\u0440\u043e\u0446\u0435\u045a\u0435\u043d\u043e \u0432\u0440\u0435\u043c\u0435 \u0447\u0438\u0442\u0430\u045a\u0430\" \/>\n\t<meta name=\"twitter:data1\" content=\"8 minutes\" \/>\n<script type=\"application\/ld+json\" class=\"yoast-schema-graph\">{\"@context\":\"https:\/\/schema.org\",\"@graph\":[{\"@type\":\"WebPage\",\"@id\":\"http:\/\/legitptcsites.net\/sr\/\",\"url\":\"http:\/\/legitptcsites.net\/sr\/\",\"name\":\"PTC | Provereni Sajtovi\",\"isPartOf\":{\"@id\":\"http:\/\/legitptcsites.net\/sr\/#website\"},\"primaryImageOfPage\":{\"@id\":\"http:\/\/legitptcsites.net\/sr\/#primaryimage\"},\"image\":{\"@id\":\"http:\/\/legitptcsites.net\/sr\/#primaryimage\"},\"thumbnailUrl\":\"https:\/\/www.neobux.com\/imagens\/banner10.gif\",\"datePublished\":\"2015-11-09T04:55:13+00:00\",\"dateModified\":\"2025-01-15T22:17:05+00:00\",\"breadcrumb\":{\"@id\":\"http:\/\/legitptcsites.net\/sr\/#breadcrumb\"},\"inLanguage\":\"sr-RS\",\"potentialAction\":[{\"@type\":\"ReadAction\",\"target\":[\"http:\/\/legitptcsites.net\/sr\/\"]}]},{\"@type\":\"ImageObject\",\"inLanguage\":\"sr-RS\",\"@id\":\"http:\/\/legitptcsites.net\/sr\/#primaryimage\",\"url\":\"https:\/\/www.neobux.com\/imagens\/banner10.gif\",\"contentUrl\":\"https:\/\/www.neobux.com\/imagens\/banner10.gif\"},{\"@type\":\"BreadcrumbList\",\"@id\":\"http:\/\/legitptcsites.net\/sr\/#breadcrumb\",\"itemListElement\":[{\"@type\":\"ListItem\",\"position\":1,\"name\":\"Home\",\"item\":\"http:\/\/legitptcsites.net\/sr\/\"},{\"@type\":\"ListItem\",\"position\":2,\"name\":\"PTC\"}]},{\"@type\":\"WebSite\",\"@id\":\"http:\/\/legitptcsites.net\/sr\/#website\",\"url\":\"http:\/\/legitptcsites.net\/sr\/\",\"name\":\"Legitimni PTC Sajtovi\",\"description\":\"Najbolji Paid to Click i ostali nacini zarade na internetu\",\"potentialAction\":[{\"@type\":\"SearchAction\",\"target\":{\"@type\":\"EntryPoint\",\"urlTemplate\":\"http:\/\/legitptcsites.net\/sr\/?s={search_term_string}\"},\"query-input\":{\"@type\":\"PropertyValueSpecification\",\"valueRequired\":true,\"valueName\":\"search_term_string\"}}],\"inLanguage\":\"sr-RS\"}]}<\/script>\n<!-- \/ Yoast SEO plugin. -->","yoast_head_json":{"title":"PTC | Provereni Sajtovi","robots":{"index":"index","follow":"follow","max-snippet":"max-snippet:-1","max-image-preview":"max-image-preview:large","max-video-preview":"max-video-preview:-1"},"canonical":"http:\/\/legitptcsites.net\/sr\/","og_locale":"sr_RS","og_type":"article","og_title":"PTC | Provereni Sajtovi","og_description":"Dobrodo\u0161li na web stranicu za \u010ditanje recenzija i iskustava o PTC (&#8222;Paid to Click&#8220;) sajtovima i drugim programima koji pru\u017eaju zaradu na internetu. Mi \u0107emo prikupljati informacije sa interneta i postovati skrin\u0161otove i onog \u0161to budemo prona\u0161li. Obzirom da prvenstveno PTC sajtovi imaju tendenciju da menjaju svoju politiku poslovanja i da tek naprsno nestanu, verujemo [&hellip;]","og_url":"http:\/\/legitptcsites.net\/sr\/","og_site_name":"Legitimni PTC Sajtovi","article_modified_time":"2025-01-15T22:17:05+00:00","og_image":[{"url":"https:\/\/www.neobux.com\/imagens\/banner10.gif","type":"","width":"","height":""}],"twitter_card":"summary_large_image","twitter_misc":{"\u041f\u0440\u043e\u0446\u0435\u045a\u0435\u043d\u043e \u0432\u0440\u0435\u043c\u0435 \u0447\u0438\u0442\u0430\u045a\u0430":"8 minutes"},"schema":{"@context":"https:\/\/schema.org","@graph":[{"@type":"WebPage","@id":"http:\/\/legitptcsites.net\/sr\/","url":"http:\/\/legitptcsites.net\/sr\/","name":"PTC | Provereni Sajtovi","isPartOf":{"@id":"http:\/\/legitptcsites.net\/sr\/#website"},"primaryImageOfPage":{"@id":"http:\/\/legitptcsites.net\/sr\/#primaryimage"},"image":{"@id":"http:\/\/legitptcsites.net\/sr\/#primaryimage"},"thumbnailUrl":"https:\/\/www.neobux.com\/imagens\/banner10.gif","datePublished":"2015-11-09T04:55:13+00:00","dateModified":"2025-01-15T22:17:05+00:00","breadcrumb":{"@id":"http:\/\/legitptcsites.net\/sr\/#breadcrumb"},"inLanguage":"sr-RS","potentialAction":[{"@type":"ReadAction","target":["http:\/\/legitptcsites.net\/sr\/"]}]},{"@type":"ImageObject","inLanguage":"sr-RS","@id":"http:\/\/legitptcsites.net\/sr\/#primaryimage","url":"https:\/\/www.neobux.com\/imagens\/banner10.gif","contentUrl":"https:\/\/www.neobux.com\/imagens\/banner10.gif"},{"@type":"BreadcrumbList","@id":"http:\/\/legitptcsites.net\/sr\/#breadcrumb","itemListElement":[{"@type":"ListItem","position":1,"name":"Home","item":"http:\/\/legitptcsites.net\/sr\/"},{"@type":"ListItem","position":2,"name":"PTC"}]},{"@type":"WebSite","@id":"http:\/\/legitptcsites.net\/sr\/#website","url":"http:\/\/legitptcsites.net\/sr\/","name":"Legitimni PTC Sajtovi","description":"Najbolji Paid to Click i ostali nacini zarade na internetu","potentialAction":[{"@type":"SearchAction","target":{"@type":"EntryPoint","urlTemplate":"http:\/\/legitptcsites.net\/sr\/?s={search_term_string}"},"query-input":{"@type":"PropertyValueSpecification","valueRequired":true,"valueName":"search_term_string"}}],"inLanguage":"sr-RS"}]}},"_links":{"self":[{"href":"http:\/\/legitptcsites.net\/sr\/wp-json\/wp\/v2\/pages\/11","targetHints":{"allow":["GET"]}}],"collection":[{"href":"http:\/\/legitptcsites.net\/sr\/wp-json\/wp\/v2\/pages"}],"about":[{"href":"http:\/\/legitptcsites.net\/sr\/wp-json\/wp\/v2\/types\/page"}],"author":[{"embeddable":true,"href":"http:\/\/legitptcsites.net\/sr\/wp-json\/wp\/v2\/users\/1"}],"replies":[{"embeddable":true,"href":"http:\/\/legitptcsites.net\/sr\/wp-json\/wp\/v2\/comments?post=11"}],"version-history":[{"count":21,"href":"http:\/\/legitptcsites.net\/sr\/wp-json\/wp\/v2\/pages\/11\/revisions"}],"predecessor-version":[{"id":169,"href":"http:\/\/legitptcsites.net\/sr\/wp-json\/wp\/v2\/pages\/11\/revisions\/169"}],"wp:attachment":[{"href":"http:\/\/legitptcsites.net\/sr\/wp-json\/wp\/v2\/media?parent=11"}],"wp:term":[{"taxonomy":"language","embeddable":true,"href":"http:\/\/legitptcsites.net\/sr\/wp-json\/wp\/v2\/languages?post=11"}],"curies":[{"name":"wp","href":"https:\/\/api.w.org\/{rel}","templated":true}]}}